{"id":21,"date":"2016-01-19T19:13:50","date_gmt":"2016-01-19T18:13:50","guid":{"rendered":"https:\/\/www.ambiancebeautemarseille.fr\/?page_id=21"},"modified":"2023-09-10T21:23:16","modified_gmt":"2023-09-10T20:23:16","slug":"contact","status":"publish","type":"page","link":"https:\/\/www.ambiancebeautemarseille.fr\/index.php\/contact\/","title":{"rendered":"Contact"},"content":{"rendered":"<p style=\"text-align: center;\">Parking assur\u00e9.<\/p>\n<p style=\"text-align: center;\"><strong>Paiements: Ch\u00e8ques et esp\u00e8ces<\/strong><\/p>\n<p style=\"text-align: center;\">Ouvert du Mercredi au Vendredi 9h30 &#8211; 20h30<\/p>\n<p style=\"text-align: center;\">le Samedi 9h30 &#8211; 17h30<\/p>\n<p style=\"text-align: center;\">12 rue Andr\u00e9 Audoli<br \/>\nR\u00e9sidence les Roches<br \/>\n13010 Marseille<\/p>\n<p style=\"text-align: center;\">Sur RDV uniquement au : <strong>06 50 01 90 13<\/strong><\/p>\n<p style=\"text-align: center;\">Produits Guinot et Oliv&rsquo;Bio. Aucune vente par correspondance<\/p>\n<p style=\"text-align: center;\">Calendrier des fermetures mis \u00e0 jour sur Google<\/p>\n<p style=\"text-align: center;\"><a href=\"https:\/\/www.ambiancebeautemarseille.fr\/wp-content\/uploads\/2016\/01\/18767821_1407092549385830_7233247561469743402_n.jpg\"><img loading=\"lazy\" decoding=\"async\" class=\"aligncenter size-medium wp-image-232\" src=\"https:\/\/www.ambiancebeautemarseille.fr\/wp-content\/uploads\/2016\/01\/18767821_1407092549385830_7233247561469743402_n-300x300.jpg\" alt=\"18767821_1407092549385830_7233247561469743402_n\" width=\"300\" height=\"300\" srcset=\"https:\/\/www.ambiancebeautemarseille.fr\/wp-content\/uploads\/2016\/01\/18767821_1407092549385830_7233247561469743402_n-300x300.jpg 300w, https:\/\/www.ambiancebeautemarseille.fr\/wp-content\/uploads\/2016\/01\/18767821_1407092549385830_7233247561469743402_n-150x150.jpg 150w, https:\/\/www.ambiancebeautemarseille.fr\/wp-content\/uploads\/2016\/01\/18767821_1407092549385830_7233247561469743402_n-768x768.jpg 768w, https:\/\/www.ambiancebeautemarseille.fr\/wp-content\/uploads\/2016\/01\/18767821_1407092549385830_7233247561469743402_n.jpg 960w\" sizes=\"auto, (max-width: 300px) 100vw, 300px\" \/><\/a><\/p>\n","protected":false},"excerpt":{"rendered":"<p>Parking assur\u00e9. Paiements: Ch\u00e8ques et esp\u00e8ces Ouvert du Mercredi au Vendredi 9h30 &#8211; 20h30 le Samedi 9h30 &#8211; 17h30 12 rue Andr\u00e9 Audoli R\u00e9sidence les Roches 13010 Marseille Sur RDV <a class=\"more-link\" href=\"https:\/\/www.ambiancebeautemarseille.fr\/index.php\/contact\/\">Lire plus \u2192<\/a><\/p>\n","protected":false},"author":1,"featured_media":0,"parent":0,"menu_order":0,"comment_status":"closed","ping_status":"closed","template":"","meta":{"footnotes":""},"class_list":["post-21","page","type-page","status-publish","hentry"],"_links":{"self":[{"href":"https:\/\/www.ambiancebeautemarseille.fr\/index.php\/wp-json\/wp\/v2\/pages\/21","targetHints":{"allow":["GET"]}}],"collection":[{"href":"https:\/\/www.ambiancebeautemarseille.fr\/index.php\/wp-json\/wp\/v2\/pages"}],"about":[{"href":"https:\/\/www.ambiancebeautemarseille.fr\/index.php\/wp-json\/wp\/v2\/types\/page"}],"author":[{"embeddable":true,"href":"https:\/\/www.ambiancebeautemarseille.fr\/index.php\/wp-json\/wp\/v2\/users\/1"}],"replies":[{"embeddable":true,"href":"https:\/\/www.ambiancebeautemarseille.fr\/index.php\/wp-json\/wp\/v2\/comments?post=21"}],"version-history":[{"count":27,"href":"https:\/\/www.ambiancebeautemarseille.fr\/index.php\/wp-json\/wp\/v2\/pages\/21\/revisions"}],"predecessor-version":[{"id":1261,"href":"https:\/\/www.ambiancebeautemarseille.fr\/index.php\/wp-json\/wp\/v2\/pages\/21\/revisions\/1261"}],"wp:attachment":[{"href":"https:\/\/www.ambiancebeautemarseille.fr\/index.php\/wp-json\/wp\/v2\/media?parent=21"}],"curies":[{"name":"wp","href":"https:\/\/api.w.org\/{rel}","templated":true}]}}